{"id":112,"date":"2025-04-06T11:31:58","date_gmt":"2025-04-06T11:31:58","guid":{"rendered":"https:\/\/www.shogi.fi\/?page_id=112"},"modified":"2026-03-22T14:18:12","modified_gmt":"2026-03-22T12:18:12","slug":"liity-jaseneksi","status":"publish","type":"page","link":"https:\/\/www.shogi.fi\/index.php\/liity-jaseneksi\/","title":{"rendered":"Liity j\u00e4seneksi!"},"content":{"rendered":"\n<p>Voit liitty\u00e4 Shogin yst\u00e4v\u00e4t Suomessa Ry:n j\u00e4seneksi t\u00e4st\u00e4 linkist\u00e4 avautuvan liittymislomakkeen kautta:<\/p>\n\n\n\n<p><a href=\"https:\/\/shys.yhdistysavain.fi\/liittymislomake\">https:\/\/shys.yhdistysavain.fi\/liittymislomake<\/a><\/p>\n\n\n\n<p>Yhdistyksen j\u00e4senen\u00e4 p\u00e4\u00e4set mukaan j\u00e4senist\u00f6n v\u00e4lisiin s\u00e4\u00e4nn\u00f6llisiin peleihin, turnauksiin ja muihin tapahtumiin.<\/p>\n","protected":false},"excerpt":{"rendered":"<p>Voit liitty\u00e4 Shogin yst\u00e4v\u00e4t Suomessa Ry:n j\u00e4seneksi t\u00e4st\u00e4 linkist\u00e4 avautuvan liittymislomakkeen kautta: https:\/\/shys.yhdistysavain.fi\/liittymislomake Yhdistyksen j\u00e4senen\u00e4 p\u00e4\u00e4set mukaan j\u00e4senist\u00f6n v\u00e4lisiin s\u00e4\u00e4nn\u00f6llisiin peleihin, turnauksiin ja muihin tapahtumiin.<\/p>\n","protected":false},"author":2,"featured_media":0,"parent":0,"menu_order":0,"comment_status":"closed","ping_status":"closed","template":"","meta":{"inline_featured_image":false,"footnotes":""},"class_list":["post-112","page","type-page","status-publish","hentry"],"_links":{"self":[{"href":"https:\/\/www.shogi.fi\/index.php\/wp-json\/wp\/v2\/pages\/112","targetHints":{"allow":["GET"]}}],"collection":[{"href":"https:\/\/www.shogi.fi\/index.php\/wp-json\/wp\/v2\/pages"}],"about":[{"href":"https:\/\/www.shogi.fi\/index.php\/wp-json\/wp\/v2\/types\/page"}],"author":[{"embeddable":true,"href":"https:\/\/www.shogi.fi\/index.php\/wp-json\/wp\/v2\/users\/2"}],"replies":[{"embeddable":true,"href":"https:\/\/www.shogi.fi\/index.php\/wp-json\/wp\/v2\/comments?post=112"}],"version-history":[{"count":1,"href":"https:\/\/www.shogi.fi\/index.php\/wp-json\/wp\/v2\/pages\/112\/revisions"}],"predecessor-version":[{"id":113,"href":"https:\/\/www.shogi.fi\/index.php\/wp-json\/wp\/v2\/pages\/112\/revisions\/113"}],"wp:attachment":[{"href":"https:\/\/www.shogi.fi\/index.php\/wp-json\/wp\/v2\/media?parent=112"}],"curies":[{"name":"wp","href":"https:\/\/api.w.org\/{rel}","templated":true}]}}