{"id":2,"date":"2024-01-07T12:20:50","date_gmt":"2024-01-07T12:20:50","guid":{"rendered":"http:\/\/www.shogi.fi\/?page_id=2"},"modified":"2026-03-22T14:18:14","modified_gmt":"2026-03-22T12:18:14","slug":"sample-page","status":"publish","type":"page","link":"https:\/\/www.shogi.fi\/","title":{"rendered":"Tervetuloa Shogin Yst\u00e4v\u00e4t Suomessa ry:n sivuille!"},"content":{"rendered":"\n<figure class=\"wp-block-image size-full\"><img loading=\"lazy\" decoding=\"async\" width=\"900\" height=\"568\" src=\"http:\/\/www.shogi.fi\/wp-content\/uploads\/2024\/01\/shikamaru_plays_shogi_by_ers93_1_.jpg\" alt=\"Shogin yst\u00e4v\u00e4t Suomessa ry\" class=\"wp-image-10\" srcset=\"https:\/\/www.shogi.fi\/wp-content\/uploads\/2024\/01\/shikamaru_plays_shogi_by_ers93_1_.jpg 900w, https:\/\/www.shogi.fi\/wp-content\/uploads\/2024\/01\/shikamaru_plays_shogi_by_ers93_1_-300x189.jpg 300w, https:\/\/www.shogi.fi\/wp-content\/uploads\/2024\/01\/shikamaru_plays_shogi_by_ers93_1_-768x485.jpg 768w\" sizes=\"auto, (max-width: 900px) 100vw, 900px\" \/><\/figure>\n\n\n\n<p>T\u00e4\u00e4lt\u00e4 l\u00f6yd\u00e4t perustietoja shogista, kuten s\u00e4\u00e4nn\u00f6t, pelaajien pohdintoja lajista, ja v\u00e4lineit\u00e4 shogissa kehittymiseen erilaisten taktiikoiden muodossa. Lis\u00e4ksi sivuilta l\u00f6yd\u00e4t peliin liittyvi\u00e4 linkkej\u00e4, kirjallisuutta ja yhdistyksen yhteystiedot.<\/p>\n","protected":false},"excerpt":{"rendered":"<p>T\u00e4\u00e4lt\u00e4 l\u00f6yd\u00e4t perustietoja shogista, kuten s\u00e4\u00e4nn\u00f6t, pelaajien pohdintoja lajista, ja v\u00e4lineit\u00e4 shogissa kehittymiseen erilaisten taktiikoiden muodossa. Lis\u00e4ksi sivuilta l\u00f6yd\u00e4t peliin liittyvi\u00e4 linkkej\u00e4, kirjallisuutta ja yhdistyksen yhteystiedot.<\/p>\n","protected":false},"author":1,"featured_media":0,"parent":0,"menu_order":0,"comment_status":"closed","ping_status":"open","template":"","meta":{"inline_featured_image":false,"footnotes":""},"class_list":["post-2","page","type-page","status-publish","hentry"],"_links":{"self":[{"href":"https:\/\/www.shogi.fi\/index.php\/wp-json\/wp\/v2\/pages\/2","targetHints":{"allow":["GET"]}}],"collection":[{"href":"https:\/\/www.shogi.fi\/index.php\/wp-json\/wp\/v2\/pages"}],"about":[{"href":"https:\/\/www.shogi.fi\/index.php\/wp-json\/wp\/v2\/types\/page"}],"author":[{"embeddable":true,"href":"https:\/\/www.shogi.fi\/index.php\/wp-json\/wp\/v2\/users\/1"}],"replies":[{"embeddable":true,"href":"https:\/\/www.shogi.fi\/index.php\/wp-json\/wp\/v2\/comments?post=2"}],"version-history":[{"count":5,"href":"https:\/\/www.shogi.fi\/index.php\/wp-json\/wp\/v2\/pages\/2\/revisions"}],"predecessor-version":[{"id":103,"href":"https:\/\/www.shogi.fi\/index.php\/wp-json\/wp\/v2\/pages\/2\/revisions\/103"}],"wp:attachment":[{"href":"https:\/\/www.shogi.fi\/index.php\/wp-json\/wp\/v2\/media?parent=2"}],"curies":[{"name":"wp","href":"https:\/\/api.w.org\/{rel}","templated":true}]}}