{"id":60,"date":"2024-05-12T06:56:46","date_gmt":"2024-05-12T06:56:46","guid":{"rendered":"http:\/\/www.shogi.fi\/?page_id=60"},"modified":"2026-03-22T14:18:14","modified_gmt":"2026-03-22T12:18:14","slug":"kirjallisuutta","status":"publish","type":"page","link":"https:\/\/www.shogi.fi\/index.php\/kirjallisuutta\/","title":{"rendered":"Kirjallisuutta"},"content":{"rendered":"\n<figure class=\"wp-block-image alignright size-large is-resized\"><a href=\"https:\/\/www.aviador.fi\/product-page\/aasialaiset-lautapelit\"><img loading=\"lazy\" decoding=\"async\" width=\"606\" height=\"834\" src=\"http:\/\/www.shogi.fi\/wp-content\/uploads\/2024\/05\/image.png\" alt=\"\" class=\"wp-image-61\" style=\"width:230px;height:auto\" srcset=\"https:\/\/www.shogi.fi\/wp-content\/uploads\/2024\/05\/image.png 606w, https:\/\/www.shogi.fi\/wp-content\/uploads\/2024\/05\/image-218x300.png 218w\" sizes=\"auto, (max-width: 606px) 100vw, 606px\" \/><\/a><\/figure>\n\n\n\n<p><a href=\"https:\/\/www.aviador.fi\/product-page\/aasialaiset-lautapelit\" data-type=\"link\" data-id=\"https:\/\/www.aviador.fi\/product-page\/aasialaiset-lautapelit\">Aasialaiset lautapelit -kirja<\/a> esittelee nelj\u00e4 suurta aasialaista lautapeli\u00e4: gon, xiangqin, shogin ja mahjongin. Jokaisesta pelist\u00e4 esitell\u00e4\u00e4n s\u00e4\u00e4nn\u00f6t, v\u00e4h\u00e4n historiaa ja strategian perusteita. Kirja on oivallinen tapa tutustua ymm\u00e4rrett\u00e4v\u00e4sti ja suomeksi merkitt\u00e4vimpiin aasialaisiin lautapeleihin.<\/p>\n","protected":false},"excerpt":{"rendered":"<p>Aasialaiset lautapelit -kirja esittelee nelj\u00e4 suurta aasialaista lautapeli\u00e4: gon, xiangqin, shogin ja mahjongin. Jokaisesta pelist\u00e4 esitell\u00e4\u00e4n s\u00e4\u00e4nn\u00f6t, v\u00e4h\u00e4n historiaa ja strategian perusteita. Kirja on oivallinen tapa tutustua ymm\u00e4rrett\u00e4v\u00e4sti ja suomeksi merkitt\u00e4vimpiin aasialaisiin lautapeleihin.<\/p>\n","protected":false},"author":1,"featured_media":0,"parent":0,"menu_order":1,"comment_status":"closed","ping_status":"closed","template":"","meta":{"inline_featured_image":false,"footnotes":""},"class_list":["post-60","page","type-page","status-publish","hentry"],"_links":{"self":[{"href":"https:\/\/www.shogi.fi\/index.php\/wp-json\/wp\/v2\/pages\/60","targetHints":{"allow":["GET"]}}],"collection":[{"href":"https:\/\/www.shogi.fi\/index.php\/wp-json\/wp\/v2\/pages"}],"about":[{"href":"https:\/\/www.shogi.fi\/index.php\/wp-json\/wp\/v2\/types\/page"}],"author":[{"embeddable":true,"href":"https:\/\/www.shogi.fi\/index.php\/wp-json\/wp\/v2\/users\/1"}],"replies":[{"embeddable":true,"href":"https:\/\/www.shogi.fi\/index.php\/wp-json\/wp\/v2\/comments?post=60"}],"version-history":[{"count":3,"href":"https:\/\/www.shogi.fi\/index.php\/wp-json\/wp\/v2\/pages\/60\/revisions"}],"predecessor-version":[{"id":84,"href":"https:\/\/www.shogi.fi\/index.php\/wp-json\/wp\/v2\/pages\/60\/revisions\/84"}],"wp:attachment":[{"href":"https:\/\/www.shogi.fi\/index.php\/wp-json\/wp\/v2\/media?parent=60"}],"curies":[{"name":"wp","href":"https:\/\/api.w.org\/{rel}","templated":true}]}}