{"id":91,"date":"2024-10-01T14:31:30","date_gmt":"2024-10-01T14:31:30","guid":{"rendered":"https:\/\/www.shogi.fi\/?page_id=91"},"modified":"2026-03-22T14:18:13","modified_gmt":"2026-03-22T12:18:13","slug":"saannot","status":"publish","type":"page","link":"https:\/\/www.shogi.fi\/index.php\/saannot\/","title":{"rendered":"Shogin s\u00e4\u00e4nn\u00f6t"},"content":{"rendered":"\n<p><strong>Pelilauta ja alkuasema<\/strong><\/p>\n\n\n\n<p>&nbsp;Shogia&nbsp; pelataan 9\u00d79 ruudun muodostamalla pelilaudalla.&nbsp; Lauta on jaettu leveyssuunnassa nelj\u00e4nnelle ja seitsem\u00e4nnelle ruutujen rajaviivalle piirretyill\u00e4 pisteill\u00e4 kolmeen kolmen ruuturivin suuruiseen alueeseen. Laudan ruudut ovat muodotaan pystysuuntaisia suorakaiteita.<\/p>\n\n\n\n<p>&nbsp;Kummallakin pelaajalla on 20 pelinappulaa. Nappulat ovat kesken\u00e4\u00e4n kaikki samanv\u00e4risi\u00e4, ja se kummalle pelaajalle ne kuuluvat ilmaistaan sijoittamalla nappula ruutuun siten, ett\u00e4&nbsp; sen k\u00e4rki osoittaa vastustajan takarivi\u00e4 kohti. Nappuloiden arvon ilmaisee siihen tummalla v\u00e4rill\u00e4 merkitty kuvio. Kuninkaita ja kultakenraaleja lukuun ottamatta kunkin nappulan k\u00e4\u00e4nt\u00f6puolella on toinen punaisella merkitty kuvio, joka kuvaa nappulan korotusarvoa.<\/p>\n\n\n\n<p>Pelin alussa kumpikin pelaaja sijoittaa nappulansa omalle puolelleen lautaa seuraavasti:<\/p>\n\n\n\n<figure class=\"wp-block-image\"><img decoding=\"async\" src=\"https:\/\/web.archive.org\/web\/20230321131607im_\/http:\/\/shogi.fi\/file\/2018\/05\/31\/Shogiban_2.png\" alt=\"\" title=\"\"\/><\/figure>\n\n\n\n<p><a href=\"https:\/\/web.archive.org\/web\/20230321131607\/http:\/\/shogi.fi\/file\/2018\/05\/31\/Shogiban_1.png\"><\/a><\/p>\n\n\n\n<p>&nbsp;-pohjariville vasemmalta oikealle: peitsi, ratsu, hopeakenraali, kultakenraali, kuningas, kultakenraali, hopeakenraali, ratsu, peitsi<\/p>\n\n\n\n<p>-toiselle riville toiseen ruutuun vasemmalta l\u00e4hetti&nbsp; ja toiseen ruutuun oikealta torni<\/p>\n\n\n\n<p>-kolmannelle riville joka ruutuun sotilas<\/p>\n\n\n\n<p><strong>Nappuloiden liiikkuminen<\/strong><\/p>\n\n\n\n<p>&nbsp;Nappulat peliss\u00e4 liikkuvat seuraavasti:<\/p>\n\n\n\n<figure class=\"wp-block-image\"><img loading=\"lazy\" decoding=\"async\" width=\"50\" height=\"50\" src=\"http:\/\/www.shogi.fi\/wp-content\/uploads\/2024\/01\/Shogi_sente_side_King_1_1.svg\" alt=\"\" class=\"wp-image-51\" title=\"\"\/><\/figure>\n\n\n\n<p><a href=\"https:\/\/web.archive.org\/web\/20230321131607\/http:\/\/shogi.fi\/file\/2018\/06\/01\/Shogi_sente_side_King_1.svg\"><\/a><\/p>\n\n\n\n<p>&nbsp;<strong>Kuningas&nbsp;<\/strong>liikkuu yhden ruudun mihin tahansa pystysuoraan, vaakasuoraan tai&nbsp; viistoon suuntaan eli&nbsp; siis samalla lailla kuin shakin kuningas. Se ei saa siirty\u00e4 ruutuun, jossa se olisi vastapuolen nappulan uhkaama. Jos pelaajan kuningas on siirtovuoron alussa vastustajan nappulan uhkaama, on t\u00e4m\u00e4 uhka torjuttava. Jos se ei ole mahdollista, on kuningas matissa , ja pelaaja on h\u00e4vinnyt.<\/p>\n\n\n\n<figure class=\"wp-block-image\"><img loading=\"lazy\" decoding=\"async\" width=\"50\" height=\"50\" src=\"http:\/\/www.shogi.fi\/wp-content\/uploads\/2024\/01\/Shogi_sente_side_Gold_1.svg\" alt=\"\" class=\"wp-image-54\" title=\"\"\/><\/figure>\n\n\n\n<p><a href=\"https:\/\/web.archive.org\/web\/20230321131607\/http:\/\/shogi.fi\/file\/2018\/06\/01\/Shogi_sente_side_Gold_1.svg\"><\/a><\/p>\n\n\n\n<p><strong>Kultakenraali<\/strong>&nbsp;liikkuu yhden ruudun suoraan eteenp\u00e4in, vinosti eteenp\u00e4in, suoraan sivulle tai suoraan taakse, mutta ei vinosti taakse.<\/p>\n\n\n\n<figure class=\"wp-block-image\"><img loading=\"lazy\" decoding=\"async\" width=\"50\" height=\"50\" src=\"http:\/\/www.shogi.fi\/wp-content\/uploads\/2024\/01\/Shogi_sente_side_Silver_1.svg\" alt=\"\" class=\"wp-image-29\" title=\"\"\/><\/figure>\n\n\n\n<p><a href=\"https:\/\/web.archive.org\/web\/20230321131607\/http:\/\/shogi.fi\/file\/2018\/06\/01\/Shogi_sente_side_Silver_1_1.svg\"><\/a><\/p>\n\n\n\n<figure class=\"wp-block-image\"><img loading=\"lazy\" decoding=\"async\" width=\"50\" height=\"50\" src=\"http:\/\/www.shogi.fi\/wp-content\/uploads\/2024\/01\/Shogi_sente_side_Promoted_Silver_1.svg\" alt=\"\" class=\"wp-image-33\" title=\"\"\/><\/figure>\n\n\n\n<p><a href=\"https:\/\/web.archive.org\/web\/20230321131607\/http:\/\/shogi.fi\/file\/2018\/06\/01\/Shogi_sente_side_Promoted_Silver_1.svg\"><\/a><\/p>\n\n\n\n<p><strong>Hopeakenraali<\/strong>&nbsp;liikkuu yhden ruudun suoraan eteenp\u00e4in, vinosti eteenp\u00e4in&nbsp; tai vinosti taakse, mutta ei suoraan sivulle tai suoraan taakse.&nbsp;<\/p>\n\n\n\n<figure class=\"wp-block-image\"><img loading=\"lazy\" decoding=\"async\" width=\"50\" height=\"50\" src=\"http:\/\/www.shogi.fi\/wp-content\/uploads\/2024\/01\/Shogi_sente_side_Knight_1.svg\" alt=\"\" class=\"wp-image-50\" title=\"\"\/><\/figure>\n\n\n\n<p><a href=\"https:\/\/web.archive.org\/web\/20230321131607\/http:\/\/shogi.fi\/file\/2018\/06\/01\/Shogi_sente_side_Knight_1.svg\"><\/a><\/p>\n\n\n\n<figure class=\"wp-block-image\"><img loading=\"lazy\" decoding=\"async\" width=\"50\" height=\"50\" src=\"http:\/\/www.shogi.fi\/wp-content\/uploads\/2024\/01\/Shogi_sente_side_Promoted_Knight_1_1.svg\" alt=\"\" class=\"wp-image-40\" title=\"\"\/><\/figure>\n\n\n\n<p><a href=\"https:\/\/web.archive.org\/web\/20230321131607\/http:\/\/shogi.fi\/file\/2018\/06\/01\/Shogi_sente_side_Promoted_Knight_1.svg\"><\/a><\/p>\n\n\n\n<p><strong>Ratsu<\/strong>&nbsp;siirtyy liikkuessaan ensin kaksi ruutua suoraan eteenp\u00e4in ja sitten yhden ruudun sivulle hyp\u00e4ten tarvittaessa v\u00e4liss\u00e4 oleven nappuloiden yi. Toisin kuin shakiissa ratsun siirtymissuunta voi olla vain vastustajan takarivi\u00e4 kohti, joten ratsu voi siirrollaan p\u00e4\u00e4st\u00e4 enint\u00e4\u00e4n kahteen ruutuun shakkiratsun kahdeksan mahdollisen ruudun asemasta.&nbsp;<\/p>\n\n\n\n<figure class=\"wp-block-image\"><img loading=\"lazy\" decoding=\"async\" width=\"50\" height=\"50\" src=\"http:\/\/www.shogi.fi\/wp-content\/uploads\/2024\/01\/Shogi_sente_side_Lance_1_1.svg\" alt=\"\" class=\"wp-image-47\" title=\"\"\/><\/figure>\n\n\n\n<p><a href=\"https:\/\/web.archive.org\/web\/20230321131607\/http:\/\/shogi.fi\/file\/2018\/06\/01\/Shogi_sente_side_Lance_1.svg\"><\/a><\/p>\n\n\n\n<figure class=\"wp-block-image\"><img loading=\"lazy\" decoding=\"async\" width=\"50\" height=\"50\" src=\"http:\/\/www.shogi.fi\/wp-content\/uploads\/2024\/01\/Shogi_sente_side_Promoted_Lance_1.svg\" alt=\"\" class=\"wp-image-39\" title=\"\"\/><\/figure>\n\n\n\n<p><a href=\"https:\/\/web.archive.org\/web\/20230321131607\/http:\/\/shogi.fi\/file\/2018\/06\/01\/Shogi_sente_side_Promoted_Lance_1.svg\"><\/a><\/p>\n\n\n\n<p><strong>Peitsi<\/strong>&nbsp;liikkuu suoraan eteenp\u00e4in rajoittamattoman m\u00e4\u00e4r\u00e4n ruutuja hypp\u00e4\u00e4m\u00e4tt\u00e4 kuitenkaan muiden nappuloiden yli.<\/p>\n\n\n\n<figure class=\"wp-block-image\"><img loading=\"lazy\" decoding=\"async\" width=\"50\" height=\"50\" src=\"http:\/\/www.shogi.fi\/wp-content\/uploads\/2024\/01\/Shogi_sente_side_Rook_1_1.svg\" alt=\"\" class=\"wp-image-30\" title=\"\"\/><\/figure>\n\n\n\n<p><a href=\"https:\/\/web.archive.org\/web\/20230321131607\/http:\/\/shogi.fi\/file\/2018\/06\/01\/Shogi_sente_side_Rook_1.svg\"><\/a><\/p>\n\n\n\n<figure class=\"wp-block-image\"><img loading=\"lazy\" decoding=\"async\" width=\"50\" height=\"50\" src=\"http:\/\/www.shogi.fi\/wp-content\/uploads\/2024\/01\/Shogi_sente_side_Promoted_Rook_1_1.svg\" alt=\"\" class=\"wp-image-34\" title=\"\"\/><\/figure>\n\n\n\n<p><a href=\"https:\/\/web.archive.org\/web\/20230321131607\/http:\/\/shogi.fi\/file\/2018\/06\/01\/Shogi_sente_side_Promoted_Rook_1.svg\"><\/a><\/p>\n\n\n\n<p><strong>Torni&nbsp;<\/strong>liikkuu suoraan eteenp\u00e4in, taaksep\u00e4in tai sivulle rajoittamattoman m\u00e4\u00e4r\u00e4n ruutuja hypp\u00e4\u00e4m\u00e4tt\u00e4 kuitenkaan muiden nappuloiden yli, eli juuri samalla tavoin kuin torni shakissa.<\/p>\n\n\n\n<figure class=\"wp-block-image\"><img decoding=\"async\" src=\"https:\/\/web.archive.org\/web\/20230321131607im_\/http:\/\/shogi.fi\/file\/2018\/06\/01\/Shogi_sente_side_Bishop_1_1.svg\" alt=\"\" title=\"\"\/><\/figure>\n\n\n\n<p><a href=\"https:\/\/web.archive.org\/web\/20230321131607\/http:\/\/shogi.fi\/file\/2018\/06\/01\/Shogi_sente_side_Bishop_1.svg\"><\/a><\/p>\n\n\n\n<figure class=\"wp-block-image\"><img loading=\"lazy\" decoding=\"async\" width=\"50\" height=\"50\" src=\"http:\/\/www.shogi.fi\/wp-content\/uploads\/2024\/01\/Shogi_sente_side_Promoted_Bishop_1.svg\" alt=\"\" class=\"wp-image-43\" title=\"\"\/><\/figure>\n\n\n\n<p><a href=\"https:\/\/web.archive.org\/web\/20230321131607\/http:\/\/shogi.fi\/file\/2018\/06\/01\/Shogi_sente_side_Promoted_Bishop_1.svg\"><\/a><\/p>\n\n\n\n<p><strong>L\u00e4hetti<\/strong>&nbsp;liikkuu viistoon rajoittamattoman m\u00e4\u00e4r\u00e4n ruutuja hypp\u00e4\u00e4m\u00e4tt\u00e4 kuitenkaan muiden nappuloiden yli, eli juuri samalla tavoin kuin l\u00e4hetti shakissa.<\/p>\n\n\n\n<figure class=\"wp-block-image\"><img loading=\"lazy\" decoding=\"async\" width=\"50\" height=\"50\" src=\"http:\/\/www.shogi.fi\/wp-content\/uploads\/2024\/01\/Shogi_sente_side_Pawn_1_1.svg\" alt=\"\" class=\"wp-image-46\" title=\"\"\/><\/figure>\n\n\n\n<p><a href=\"https:\/\/web.archive.org\/web\/20230321131607\/http:\/\/shogi.fi\/file\/2018\/06\/01\/Shogi_sente_side_Pawn_2.svg\"><\/a><\/p>\n\n\n\n<figure class=\"wp-block-image\"><img decoding=\"async\" src=\"https:\/\/web.archive.org\/web\/20230321131607im_\/http:\/\/shogi.fi\/file\/2018\/06\/01\/Shogi_sente_side_Promoted_Pawn_1_1.svg\" alt=\"\" title=\"\"\/><\/figure>\n\n\n\n<p><a href=\"https:\/\/web.archive.org\/web\/20230321131607\/http:\/\/shogi.fi\/file\/2018\/06\/01\/Shogi_sente_side_Promoted_Pawn_1.svg\"><\/a><\/p>\n\n\n\n<p><strong>Sotilas<\/strong>&nbsp;liikkuu yhden askeleen suoraan eteenp\u00e4in ja toisinkuin shakissa my\u00f6s ly\u00f6 samalla tavoin kuin liikkuu eli suoraan eteenp\u00e4in. Shakin tapaista sotilaan aloituskaksoisaskelta ei shogissa ole.<\/p>\n\n\n\n<p>&nbsp;Siirrett\u00e4ess\u00e4 nappula ruutuun, jossa on vastustajan nappula pelaaja ly\u00f6 t\u00e4m\u00e4n nappulan. Ly\u00f6ty\u00e4 nappulaa ei poisteta pelist\u00e4 lopullisesti, vaan sen ly\u00f6nyt pelaaja ottaa sen talteen laudan viereen h\u00e4nen halutessaan my\u00f6hemmin laudalle palautettavaksi.<\/p>\n\n\n\n<p><strong>Nappuloiden korottaminen<\/strong><\/p>\n\n\n\n<p>Kuningasta&nbsp; ja kultakenraalia lukuun ottamatta mik\u00e4 tahansa pelaajan nappuloista on mahdollista korottaa saattamalla se pelaajan korotusalueelle. Korotusalueella tarkoitetaan pilkutetun viivan erottamaa kolmea takimmaista ruuturivi\u00e4 vastapuolen p\u00e4\u00e4dyss\u00e4. Korotus voidaan suorittaa seuraavissa tilanteissa.<\/p>\n\n\n\n<p>\u2013 siirrett\u00e4ess\u00e4 nappula korotusalueen ulkopuolelta sen sis\u00e4lle<\/p>\n\n\n\n<p>-siirrett\u00e4ess\u00e4 korotusalueella olevaa nappulaa sen sis\u00e4ll\u00e4 tai sielt\u00e4 ulos<\/p>\n\n\n\n<p>P\u00e4\u00e4s\u00e4\u00e4nt\u00f6isesti korottaminen on vapaaehtoista eli pelaaja saa itse siirt\u00e4ess\u00e4\u00e4n p\u00e4\u00e4tt\u00e4\u00e4, korottaako h\u00e4n nappulansa vai ei. Kuitenkin jos nappula siirret\u00e4\u00e4n sellaiseen ruutuun, jossa sit\u00e4 korottamattomana ei en\u00e4\u00e4 voisi siirt\u00e4\u00e4 (sotilas viimeiselle riville tai ratsu kahdelle viimeiselle riville), korottaminen on pakollista.<\/p>\n\n\n\n<p>Korottaminen tapahtuu k\u00e4\u00e4nt\u00e4m\u00e4ll\u00e4 nappula sen punainen puoli yl\u00f6sp\u00e4in. Sotilas, peitsi, ratsu ja hopeakenraali liikkuvat korotettuna kultakenraalin tavoin. Torni ja l\u00e4hetti korottuvat&nbsp; kruunatuksi torniksi ja kruunatuksi l\u00e4hetiksi, jolloin ne tavanomaisen liikkumisensa lis\u00e4ksi saavat mahdollisuuden liiikkua my\u00f6s kuninkaan tavoin.<\/p>\n\n\n\n<p>&nbsp;<strong>Nappuloiden palauttaminen laudalle<\/strong><\/p>\n\n\n\n<p>Mik\u00e4li pelaajalla on varastossaan vastustajalta ly\u00f6tyj\u00e4 nappuloita, h\u00e4n voi mill\u00e4 tahansa pelivuorolla normaalin siirron asemesta palauttaa yhden niist\u00e4 laudalle omana nappulanaan. T\u00e4m\u00e4 tapahtuu sijoittamalla t\u00e4m\u00e4 nappula johonkin laudan tyhj\u00e4\u00e4n ruutuun samaan asentoon kuin pelaajan muut nappulat eli k\u00e4rki vastustajan takarivi\u00e4 kohti. Vaikka nappula olisi ollut ly\u00f6t\u00e4ess\u00e4 korotettu, se palautetaan korottamattomana, eik\u00e4 nappula my\u00f6sk\u00e4\u00e4n korotu, jos sen palauttaa suoraan korotusalueelle (my\u00f6hemm\u00e4ll\u00e4 siirrolla sen voi korottaa).<\/p>\n\n\n\n<p>Palautusta koskee kuitenkin seuraavat rajoitukset:<\/p>\n\n\n\n<p>&nbsp;\u2013&nbsp; nappulaa ei saa palauttaa paikkaan, jossa se ei pysty en\u00e4\u00e4 liikkumaan, eli sotilasta viimeiselle riville tai ratsua kahdelle viimeiselle riville<\/p>\n\n\n\n<p>\u2013 sotilasta ei saa palauttaa siten, ett\u00e4 samalla laudan pystyrivill\u00e4 on jo toinen korottamaton oma sotilas, eli kaksoissotilaat eiv\u00e4t ole sallittuja<\/p>\n\n\n\n<p>\u2013 sotilasta ei saa palauttaa siten, ett\u00e4 palautussiirto tekisi matin<\/p>\n\n\n\n<p><strong>Pelin tavoite<\/strong><\/p>\n\n\n\n<p>Pelaaja voittaa, jos h\u00e4n saa uhattua vastustajan kuningasta siten, ett\u00e4 uhkausta ei voi torjua, vaan h\u00e4nen kuninkaansa j\u00e4\u00e4 n\u00e4in matiksi. Koska&nbsp;shogissa&nbsp;nappulat eiv\u00e4t poistu laudalta pysyv\u00e4sti, shakintapaista pattia ei siin\u00e4 k\u00e4yt\u00e4nn\u00f6ss\u00e4 esiinny.Tasapeliksi peli on sovittavissa tilanteessa, jossa kumpikin pelaaja on edennyt kuninkaallaan omalle korotusalueelleen, jossa ne nappuloiden p\u00e4\u00e4s\u00e4\u00e4nt\u00f6isesti eteenp\u00e4in kohdistuvasta hy\u00f6kk\u00e4ysvoimasta johtuen ovat turvassa vastustajan hy\u00f6kk\u00e4ykselt\u00e4. Samoin jos sama asema toistuu peliss\u00e4 nelj\u00e4sti per\u00e4kk\u00e4in, peli katsotaan tasapeliksi. Vastustajan kuninkaan ikuinen shakkaaminen on kuitenkin kielletty\u00e4, ja n\u00e4in tekev\u00e4 pelaaja h\u00e4vi\u00e4\u00e4 pelin.<\/p>\n","protected":false},"excerpt":{"rendered":"<p>Pelilauta ja alkuasema &nbsp;Shogia&nbsp; pelataan 9\u00d79 ruudun muodostamalla pelilaudalla.&nbsp; Lauta on jaettu leveyssuunnassa nelj\u00e4nnelle ja seitsem\u00e4nnelle ruutujen rajaviivalle piirretyill\u00e4 pisteill\u00e4 kolmeen kolmen ruuturivin suuruiseen alueeseen. Laudan ruudut ovat muodotaan pystysuuntaisia suorakaiteita. &nbsp;Kummallakin pelaajalla on 20 pelinappulaa. Nappulat ovat kesken\u00e4\u00e4n kaikki samanv\u00e4risi\u00e4, ja se kummalle pelaajalle ne kuuluvat ilmaistaan sijoittamalla nappula ruutuun siten, ett\u00e4&nbsp; sen k\u00e4rki [&hellip;]<\/p>\n","protected":false},"author":2,"featured_media":0,"parent":0,"menu_order":0,"comment_status":"closed","ping_status":"closed","template":"","meta":{"inline_featured_image":false,"footnotes":""},"class_list":["post-91","page","type-page","status-publish","hentry"],"_links":{"self":[{"href":"https:\/\/www.shogi.fi\/index.php\/wp-json\/wp\/v2\/pages\/91","targetHints":{"allow":["GET"]}}],"collection":[{"href":"https:\/\/www.shogi.fi\/index.php\/wp-json\/wp\/v2\/pages"}],"about":[{"href":"https:\/\/www.shogi.fi\/index.php\/wp-json\/wp\/v2\/types\/page"}],"author":[{"embeddable":true,"href":"https:\/\/www.shogi.fi\/index.php\/wp-json\/wp\/v2\/users\/2"}],"replies":[{"embeddable":true,"href":"https:\/\/www.shogi.fi\/index.php\/wp-json\/wp\/v2\/comments?post=91"}],"version-history":[{"count":2,"href":"https:\/\/www.shogi.fi\/index.php\/wp-json\/wp\/v2\/pages\/91\/revisions"}],"predecessor-version":[{"id":95,"href":"https:\/\/www.shogi.fi\/index.php\/wp-json\/wp\/v2\/pages\/91\/revisions\/95"}],"wp:attachment":[{"href":"https:\/\/www.shogi.fi\/index.php\/wp-json\/wp\/v2\/media?parent=91"}],"curies":[{"name":"wp","href":"https:\/\/api.w.org\/{rel}","templated":true}]}}